{"id":3,"date":"2021-12-02T05:46:53","date_gmt":"2021-12-02T05:46:53","guid":{"rendered":"http:\/\/wholesale.sonuncuento.com\/?page_id=3"},"modified":"2026-02-24T20:47:26","modified_gmt":"2026-02-24T20:47:26","slug":"privacy-policy-2","status":"publish","type":"page","link":"https:\/\/wholesale.sonuncuento.com\/en\/privacy-policy-2\/","title":{"rendered":"Privacy Policy"},"content":{"rendered":"<h1 class=\"wp-block-heading\"><strong>T\u00c9RMINOS DE SERVICIO\u00a0<\/strong><br><\/h1>\n\n\n<p><strong>INFORMACI\u00d3N GENERAL<\/strong><br \/><strong>Son un Cuento<\/strong> administra este sitio web. En todo el sitio, los t\u00e9rminos \u00abnosotros,\u00bb \u00abnos,\u00bb y \u00abnuestro\u00bb se refieren a Son un Cuento.<br \/><strong>Son un Cuento<\/strong> ofrece este sitio web, incluyendo toda la informaci\u00f3n, herramientas y servicios disponibles en este sitio, a usted como usuario, bajo la condici\u00f3n de que acepte todos los t\u00e9rminos, condiciones, pol\u00edticas y avisos establecidos aqu\u00ed.<\/p>\n<p>Al visitar nuestro sitio y\/o comprar algo de nosotros, usted interact\u00faa con nuestro \u00abServicio\u00bb y acepta que los siguientes t\u00e9rminos y condiciones (en adelante, \u00abT\u00e9rminos de Servicio\u00bb o \u00abT\u00e9rminos\u00bb) son vinculantes, incluyendo cualquier t\u00e9rmino, condici\u00f3n o pol\u00edtica adicional mencionado aqu\u00ed y\/o disponible a trav\u00e9s de hiperv\u00ednculos. Estos T\u00e9rminos de Servicio se aplican a todos los usuarios del sitio, incluidos, entre otros, los navegadores, proveedores, clientes, comerciantes y\/o colaboradores de contenido.<\/p>\n<p>Por favor, lea estos T\u00e9rminos de Servicio detenidamente antes de acceder o usar nuestro sitio web. Al acceder o usar cualquier parte del sitio, usted acepta estos T\u00e9rminos de Servicio. Si no est\u00e1 de acuerdo con todos los t\u00e9rminos y condiciones de este acuerdo, no debe acceder al sitio web ni utilizar ning\u00fan servicio. Si estos T\u00e9rminos de Servicio se consideran una oferta, la aceptaci\u00f3n est\u00e1 expresamente limitada a estos T\u00e9rminos de Servicio.<\/p>\n<p>Cualquier nueva caracter\u00edstica o herramienta que se agregue a la tienda actual tambi\u00e9n estar\u00e1 sujeta a los T\u00e9rminos de Servicio. Puede revisar la versi\u00f3n m\u00e1s reciente de los T\u00e9rminos de Servicio en cualquier momento en esta p\u00e1gina. Nos reservamos el derecho de actualizar, cambiar o reemplazar cualquier parte de estos T\u00e9rminos de Servicio publicando actualizaciones o cambios en nuestro sitio web. Es su responsabilidad revisar esta p\u00e1gina peri\u00f3dicamente para verificar cambios. Su uso continuado del sitio web o acceso a este despu\u00e9s de la publicaci\u00f3n de cualquier cambio constituye la aceptaci\u00f3n de dichos cambios.<\/p>\n<p>Nuestra tienda est\u00e1 alojada en el servidor de WooCommerce. Esta compa\u00f1\u00eda nos proporciona la plataforma de comercio electr\u00f3nico en l\u00ednea que nos permite venderle nuestros productos y servicios.<\/p>\n<hr \/>\n<h3><strong>SECCI\u00d3N 1.- T\u00c9RMINOS DE LA TIENDA EN L\u00cdNEA.<\/strong><\/h3>\n<p>Al aceptar estos T\u00e9rminos de Servicio, usted declara que tiene plena capacidad, de acuerdo con las regulaciones aplicables, y por lo tanto, tiene plena autoridad para adherirse a estos T\u00e9rminos.<\/p>\n<p>No puede usar nuestros productos para ning\u00fan prop\u00f3sito ilegal o no autorizado, ni puede, al usar el Servicio, violar las leyes de su jurisdicci\u00f3n (incluyendo, entre otras, las leyes de derechos de autor).<br \/>El incumplimiento o la violaci\u00f3n de cualquiera de los T\u00e9rminos resultar\u00e1 en la terminaci\u00f3n inmediata de sus Servicios.<\/p>\n<hr \/>\n<h3><strong>SECCI\u00d3N 2.- CONDICIONES GENERALES.<\/strong><\/h3>\n<p>Nos reservamos el derecho de rechazar el servicio a cualquier persona, por cualquier motivo y en cualquier momento.<\/p>\n<p>Usted comprende que su contenido (excluyendo la informaci\u00f3n de pago) puede ser transferido sin cifrar e involucrar (a) transmisiones a trav\u00e9s de varias redes; y (b) cambios para ajustarse y adaptarse a los requisitos t\u00e9cnicos de conexi\u00f3n de redes o dispositivos. La informaci\u00f3n de tarjetas de cr\u00e9dito siempre se cifra durante la transferencia a trav\u00e9s de redes.<\/p>\n<p>Usted acepta no reproducir, duplicar, copiar, vender, revender ni explotar ninguna parte del Servicio, el uso del Servicio o el acceso al Servicio o cualquier contacto en el sitio a trav\u00e9s del cual se proporciona el servicio, sin nuestro permiso expreso por escrito.<\/p>\n<p>Los encabezados utilizados en este documento se incluyen \u00fanicamente para conveniencia y no limitar\u00e1n ni afectar\u00e1n estos T\u00e9rminos.<\/p>\n<hr \/>\n<h3><strong>SECCI\u00d3N 3.- EXACTITUD, INTEGRIDAD Y ACTUALIDAD DE LA INFORMACI\u00d3N.<\/strong><\/h3>\n<p>No somos responsables si la informaci\u00f3n disponible en este sitio no es precisa, completa o actual. El material presentado en este sitio se proporciona solo para informaci\u00f3n general y no debe utilizarse como la \u00fanica base para tomar decisiones sin consultar fuentes de informaci\u00f3n primarias, m\u00e1s precisas, m\u00e1s completas o m\u00e1s recientes.<\/p>\n<p>Este sitio puede contener cierta informaci\u00f3n hist\u00f3rica. La informaci\u00f3n hist\u00f3rica, inevitablemente, no est\u00e1 actualizada y se proporciona solo como referencia. Nos reservamos el derecho de modificar el contenido de este sitio en cualquier momento, pero no tenemos la obligaci\u00f3n de actualizar ninguna informaci\u00f3n en nuestro sitio.<\/p>\n<h3><strong>SECCI\u00d3N 4.- MODIFICACIONES AL SERVICIO Y PRECIOS.<\/strong><\/h3>\n<p>Los precios de nuestros productos est\u00e1n sujetos a cambios sin previo aviso.<\/p>\n<p>Nos reservamos el derecho de modificar o discontinuar el Servicio (o cualquier parte o contenido del mismo) en cualquier momento sin previo aviso.<\/p>\n<p>No seremos responsables ante usted ni ante terceros por ninguna modificaci\u00f3n, cambio de precio, suspensi\u00f3n o discontinuaci\u00f3n del Servicio.<\/p>\n<hr \/>\n<h3><strong>SECCI\u00d3N 5.- PRODUCTOS O SERVICIOS (si aplica).<\/strong><\/h3>\n<p>Ciertos productos o servicios pueden estar disponibles exclusivamente en l\u00ednea a trav\u00e9s del sitio web. Estos productos o servicios pueden tener cantidades limitadas y est\u00e1n sujetos a devoluci\u00f3n o cambio solo de acuerdo con nuestra Pol\u00edtica de Devoluciones.<\/p>\n<p>Hemos hecho todo lo posible para mostrar con la mayor precisi\u00f3n posible los colores e im\u00e1genes de nuestros productos que aparecen en la tienda. No podemos garantizar que la pantalla de su monitor muestre los colores con precisi\u00f3n.<\/p>\n<p>Nos reservamos el derecho, pero no estamos obligados, de limitar las ventas de nuestros productos o Servicios a cualquier persona, regi\u00f3n geogr\u00e1fica o jurisdicci\u00f3n. Podemos ejercer este derecho caso por caso. Nos reservamos el derecho de limitar las cantidades de cualquier producto o servicio que ofrecemos. Todas las descripciones de productos o precios de productos est\u00e1n sujetas a cambios en cualquier momento sin previo aviso, a nuestra sola discreci\u00f3n. Nos reservamos el derecho de discontinuar cualquier producto en cualquier momento.<\/p>\n<p>Cualquier oferta de cualquier producto o servicio hecha en este sitio es nula donde est\u00e9 prohibida.<\/p>\n<p>No garantizamos que la calidad de los productos, servicios, informaci\u00f3n u otro material comprado u obtenido por usted cumpla con sus expectativas, o que cualquier error en el Servicio ser\u00e1 corregido.<\/p>\n<hr \/>\n<h3><strong>SECCI\u00d3N 6.- EXACTITUD DE LA FACTURACI\u00d3N Y LA INFORMACI\u00d3N DE LA CUENTA.<\/strong><\/h3>\n<p>Nos reservamos el derecho de rechazar cualquier pedido que realice con nosotros. Podemos, a nuestra discreci\u00f3n, limitar o cancelar las cantidades compradas por persona, por hogar o por pedido. Estas restricciones pueden incluir pedidos realizados por la misma cuenta de cliente, la misma tarjeta de cr\u00e9dito y\/o pedidos que utilicen la misma direcci\u00f3n de facturaci\u00f3n y\/o env\u00edo.<\/p>\n<p>En el caso de que hagamos un cambio o cancelemos un pedido, podemos intentar notificarlo contact\u00e1ndolo a trav\u00e9s del correo electr\u00f3nico y\/o direcci\u00f3n de facturaci\u00f3n\/n\u00famero de tel\u00e9fono proporcionado al momento de realizar el pedido.<\/p>\n<p>Usted acepta proporcionar informaci\u00f3n de compra y cuenta actual, completa y precisa para todas las compras realizadas en nuestra tienda. Usted acepta actualizar r\u00e1pidamente su cuenta y otra informaci\u00f3n, incluidas su direcci\u00f3n de correo electr\u00f3nico y n\u00fameros de tarjeta de cr\u00e9dito y fechas de vencimiento, para que podamos completar sus transacciones y contactarlo seg\u00fan sea necesario.<\/p>\n<p>Para m\u00e1s detalles, revise nuestra Pol\u00edtica de Devoluciones.<\/p>\n<hr \/>\n<h3><strong>SECCI\u00d3N 7.- HERRAMIENTAS OPCIONALES.<\/strong><\/h3>\n<p>Es posible que le proporcionemos acceso a herramientas de terceros sobre las cuales no monitoreamos ni tenemos control ni entrada.<\/p>\n<p>Usted reconoce y acepta que proporcionamos acceso a dichas herramientas \u00abtal cual\u00bb y \u00abseg\u00fan est\u00e9n disponibles\u00bb sin garant\u00edas, representaciones o condiciones de ning\u00fan tipo y sin ning\u00fan respaldo. No tendremos ninguna responsabilidad derivada de o relacionada con su uso de herramientas opcionales de terceros.<\/p>\n<p>Cualquier uso por su parte de las herramientas opcionales ofrecidas a trav\u00e9s del sitio es bajo su propio riesgo y discreci\u00f3n, y usted debe asegurarse de estar familiarizado y aprobar los t\u00e9rminos bajo los cuales las herramientas son proporcionadas por los proveedores de terceros correspondientes.<\/p>\n<p>Tambi\u00e9n es posible que, en el futuro, ofrezcamos nuevos servicios y\/o caracter\u00edsticas a trav\u00e9s del sitio web (incluyendo el lanzamiento de nuevas herramientas y recursos). Estas nuevas caracter\u00edsticas y\/o servicios tambi\u00e9n estar\u00e1n sujetos a estos T\u00e9rminos de Servicio.<\/p>\n<hr \/>\n<h3><strong>SECCI\u00d3N 8.- ENLACES A TERCEROS.<\/strong><\/h3>\n<p>Ciertos contenidos, productos y servicios disponibles a trav\u00e9s de nuestro Servicio pueden incluir materiales de terceros.<\/p>\n<p>Los enlaces de terceros en este sitio pueden dirigirlo a sitios web de terceros que no est\u00e1n afiliados con nosotros. No somos responsables de examinar o evaluar el contenido o la exactitud, y no garantizamos ni tendremos ninguna obligaci\u00f3n o responsabilidad por materiales o sitios web de terceros, o por cualquier otro material, producto o servicio de terceros.<\/p>\n<p>No somos responsables de ning\u00fan da\u00f1o o perjuicio relacionado con la compra o uso de bienes, servicios, recursos, contenido o cualquier otra transacci\u00f3n realizada en conexi\u00f3n con sitios web de terceros. Por favor, revise cuidadosamente las pol\u00edticas y pr\u00e1cticas de terceros y aseg\u00farese de entenderlas antes de participar en cualquier transacci\u00f3n.<\/p>\n<h3><strong>SECCI\u00d3N 9.- COMENTARIOS, RETROALIMENTACI\u00d3N Y OTROS ENV\u00cdOS DE USUARIO.<\/strong><\/h3>\n<p>Si, a petici\u00f3n nuestra, usted env\u00eda ciertos env\u00edos espec\u00edficos (por ejemplo, participaciones en concursos) o sin una solicitud de nuestra parte, env\u00eda ideas creativas, sugerencias, propuestas, planes u otros materiales, ya sea en l\u00ednea, por correo electr\u00f3nico, por correo postal o de otro modo (colectivamente, \u00abcomentarios\u00bb), usted acepta que podemos, en cualquier momento y sin restricciones, editar, copiar, publicar, distribuir, traducir y de cualquier otro modo usar en cualquier medio cualquier comentario que nos env\u00ede. No estamos ni estaremos obligados a:<\/p>\n<ol>\n<li>Mantener los comentarios en confidencialidad.<\/li>\n<li>Pagar compensaci\u00f3n por los comentarios.<\/li>\n<li>Responder a los comentarios.<\/li>\n<\/ol>\n<p>Podemos, pero no tenemos obligaci\u00f3n de, monitorear, editar o eliminar contenido que determinemos a nuestra sola discreci\u00f3n que sea ilegal, ofensivo, amenazante, calumnioso, difamatorio, pornogr\u00e1fico, obsceno o de otro modo objetable o que viole la propiedad intelectual de cualquiera de las partes o estos T\u00e9rminos de Servicio.<\/p>\n<p>Usted acepta que sus comentarios no violar\u00e1n ning\u00fan derecho de terceros, incluidos derechos de autor, marca registrada, privacidad, personalidad u otro derecho personal o de propiedad. Adem\u00e1s, acepta que sus comentarios no contendr\u00e1n material calumnioso o de otro modo ilegal, abusivo u obsceno, ni contendr\u00e1n virus inform\u00e1ticos u otro malware que pudiera afectar de alg\u00fan modo el funcionamiento del Servicio o de cualquier sitio web relacionado. No puede usar una direcci\u00f3n de correo electr\u00f3nico falsa, pretender ser alguien que no es, ni de otro modo enga\u00f1arnos a nosotros o a terceros en cuanto al origen de los comentarios. Usted es el \u00fanico responsable de cualquier comentario que haga y de su exactitud. No asumimos ninguna responsabilidad por comentarios publicados por usted o por terceros.<\/p>\n<hr \/>\n<h3><strong>SECCI\u00d3N 10.- INFORMACI\u00d3N PERSONAL.<\/strong><\/h3>\n<p>El env\u00edo de su informaci\u00f3n personal a trav\u00e9s de la tienda se rige por nuestra Pol\u00edtica de Privacidad. Para ver nuestra Pol\u00edtica de Privacidad, haga clic aqu\u00ed.<\/p>\n<hr \/>\n<h3><strong>SECCI\u00d3N 11.- ERRORES, INEXACTITUDES Y OMISIONES.<\/strong><\/h3>\n<p>Ocasionalmente, puede haber informaci\u00f3n en nuestro sitio o en el Servicio que contenga errores tipogr\u00e1ficos, inexactitudes u omisiones relacionadas con descripciones de productos, precios, promociones, ofertas, gastos de env\u00edo de productos, tiempos de tr\u00e1nsito y disponibilidad. Nos reservamos el derecho de corregir cualquier error, inexactitud u omisi\u00f3n, y de cambiar o actualizar informaci\u00f3n o cancelar pedidos si cualquier informaci\u00f3n en el Servicio o en cualquier sitio web relacionado es inexacta en cualquier momento sin previo aviso (incluso despu\u00e9s de que haya enviado su pedido).<\/p>\n<p>No asumimos ninguna obligaci\u00f3n de actualizar, corregir o aclarar informaci\u00f3n en el Servicio o en cualquier sitio web relacionado, incluida, entre otras, la informaci\u00f3n de precios, excepto cuando lo exija la ley. Ninguna fecha de actualizaci\u00f3n espec\u00edfica aplicada en el Servicio o en cualquier sitio web relacionado debe interpretarse como una indicaci\u00f3n de que toda la informaci\u00f3n en el Servicio o en cualquier sitio web relacionado ha sido modificada o actualizada.<\/p>\n<hr \/>\n<h3><strong>SECCI\u00d3N 12.- USOS PROHIBIDOS.<\/strong><\/h3>\n<p>Adem\u00e1s de otras prohibiciones establecidas en los T\u00e9rminos de Servicio, se le proh\u00edbe usar el sitio o su contenido:<br \/>(a) para cualquier prop\u00f3sito ilegal;<br \/>(b) para solicitar a otros que realicen o participen en actos ilegales;<br \/>(c) para violar cualquier regulaci\u00f3n internacional, reglas, leyes locales o leyes estatales o federales;<br \/>(d) para infringir o violar nuestros derechos de propiedad intelectual o los derechos de propiedad intelectual de otros;<br \/>(e) para acosar, abusar, insultar, da\u00f1ar, difamar, calumniar, desacreditar, intimidar o discriminar por razones de g\u00e9nero, orientaci\u00f3n sexual, religi\u00f3n, etnia, raza, edad, origen nacional o discapacidad;<br \/>(f) para enviar informaci\u00f3n falsa o enga\u00f1osa;<br \/>(g) para cargar o transmitir virus o cualquier otro tipo de c\u00f3digo malicioso que se usar\u00e1 o podr\u00eda usarse de cualquier manera que afecte la funcionalidad o el funcionamiento del Servicio o de cualquier sitio web relacionado, otros sitios web o Internet;<br \/>(h) para recopilar o rastrear la informaci\u00f3n personal de otros;<br \/>(i) para enviar spam, phish, pharm, pretext, spider, crawl o scrape;<br \/>(j) para cualquier prop\u00f3sito obsceno o inmoral; o<br \/>(k) para interferir o eludir las caracter\u00edsticas de seguridad del Servicio o cualquier sitio web relacionado, otros sitios web o Internet.<\/p>\n<p>Nos reservamos el derecho de terminar su uso del Servicio o cualquier sitio web relacionado por violar cualquiera de los usos prohibidos.<\/p>\n\n\n<p><\/p>","protected":false},"excerpt":{"rendered":"<p>T\u00c9RMINOS DE SERVICIO\u00a0 INFORMACI\u00d3N GENERALSon un Cuento administra este sitio web. En todo el sitio, los t\u00e9rminos \u00abnosotros,\u00bb \u00abnos,\u00bb y \u00abnuestro\u00bb se refieren a Son un Cuento.Son un Cuento ofrece<\/p>","protected":false},"author":1,"featured_media":0,"parent":0,"menu_order":0,"comment_status":"closed","ping_status":"open","template":"","meta":{"footnotes":""},"class_list":["post-3","page","type-page","status-publish","hentry"],"_links":{"self":[{"href":"https:\/\/wholesale.sonuncuento.com\/en\/wp-json\/wp\/v2\/pages\/3","targetHints":{"allow":["GET"]}}],"collection":[{"href":"https:\/\/wholesale.sonuncuento.com\/en\/wp-json\/wp\/v2\/pages"}],"about":[{"href":"https:\/\/wholesale.sonuncuento.com\/en\/wp-json\/wp\/v2\/types\/page"}],"author":[{"embeddable":true,"href":"https:\/\/wholesale.sonuncuento.com\/en\/wp-json\/wp\/v2\/users\/1"}],"replies":[{"embeddable":true,"href":"https:\/\/wholesale.sonuncuento.com\/en\/wp-json\/wp\/v2\/comments?post=3"}],"version-history":[{"count":14,"href":"https:\/\/wholesale.sonuncuento.com\/en\/wp-json\/wp\/v2\/pages\/3\/revisions"}],"predecessor-version":[{"id":20606,"href":"https:\/\/wholesale.sonuncuento.com\/en\/wp-json\/wp\/v2\/pages\/3\/revisions\/20606"}],"wp:attachment":[{"href":"https:\/\/wholesale.sonuncuento.com\/en\/wp-json\/wp\/v2\/media?parent=3"}],"curies":[{"name":"wp","href":"https:\/\/api.w.org\/{rel}","templated":true}]}}