{"id":20993,"date":"2026-02-27T14:53:28","date_gmt":"2026-02-27T14:53:28","guid":{"rendered":"https:\/\/wholesale.sonuncuento.com\/?page_id=20993"},"modified":"2026-04-13T15:45:35","modified_gmt":"2026-04-13T15:45:35","slug":"condiciones-comerciales","status":"publish","type":"page","link":"https:\/\/wholesale.sonuncuento.com\/en\/condiciones-comerciales\/","title":{"rendered":"Commercial Terms"},"content":{"rendered":"<div data-elementor-type=\"wp-page\" data-elementor-id=\"20993\" class=\"elementor elementor-20993\">\n\t\t\t\t\t\t<section class=\"elementor-section elementor-top-section elementor-element elementor-element-300ee0c1 elementor-section-boxed elementor-section-height-default elementor-section-height-default\" data-id=\"300ee0c1\" data-element_type=\"section\" data-e-type=\"section\">\n\t\t\t\t\t\t<div class=\"elementor-container elementor-column-gap-default\">\n\t\t\t\t\t<div class=\"elementor-column elementor-col-100 elementor-top-column elementor-element elementor-element-29ad7d4f\" data-id=\"29ad7d4f\" data-element_type=\"column\" data-e-type=\"column\">\n\t\t\t<div class=\"elementor-widget-wrap elementor-element-populated\">\n\t\t\t\t\t\t<div class=\"elementor-element elementor-element-3ad69294 elementor-widget elementor-widget-text-editor\" data-id=\"3ad69294\" data-element_type=\"widget\" data-e-type=\"widget\" data-widget_type=\"text-editor.default\">\n\t\t\t\t<div class=\"elementor-widget-container\">\n\t\t\t\t\t\t\t\t\t<h4 class=\" translation-block\"><p><strong>Country of Manufacture:<\/strong> Colombia<\/p><\/h4><p class=\" translation-block\"><p><strong>Production Model:<\/strong> Small-batch, ethically made production<\/p><\/p><p class=\" translation-block\"><strong>Social Impact:<\/strong> Garments and textile products are crafted by skilled women artisans, craftsmen, and seamstresses\u2014many of them single mothers\u2014working under fair and dignified conditions.<\/p><hr \/><h3>\u00a0<\/h3><h3>Shipping &amp; Logistics<\/h3><p><strong>Main Shipping Point:<\/strong> Guarne, Antioquia \u2013 Colombia<\/p><p><strong>International Shipping:<\/strong> EXW (Ex Works)<\/p><p><strong>Lead Times:<\/strong><\/p><ul><li class=\" translation-block\"><strong>First Orders:<\/strong> 16 weeks. Contact us for customized shipping planning.<\/li><li><strong>Reorders:<\/strong> 8 weeks. Contact us for customized shipping planning.<\/li><li><strong>In stock Items:<\/strong> Contact us for more information.<\/li><\/ul><hr \/><h3>\u00a0<\/h3><h3>Packaging &amp; Wholesale Presentation Options<\/h3><p><strong>Packaging Alternatives:<\/strong><\/p><ul><li>Magnetic book-style boxes (additional cost)<\/li><li>Branded paper bag (Double-Sided Winter Blanket)<\/li><\/ul><p class=\" translation-block\"><p><strong>PillowPal:<\/strong> Branded packaging suitable for gifting and in-store display<\/p><\/p><p class=\" translation-block\"><p><strong>Ready to Sell:<\/strong> All products come packed in transparent bags and are fully labeled<\/p><\/p><hr \/><h3>\u00a0<\/h3><h3>Collections Per Year<\/h3><ul><li>Spring\u2013Summer<\/li><li>Fall\u2013Winter<\/li><\/ul><p>Each collection introduces new stories, characters, and illustrations while maintaining continuity within the Tailored Stories universe.<\/p>\t\t\t\t\t\t\t\t<\/div>\n\t\t\t\t<\/div>\n\t\t\t\t\t<\/div>\n\t\t<\/div>\n\t\t\t\t\t<\/div>\n\t\t<\/section>\n\t\t\t\t<\/div>","protected":false},"excerpt":{"rendered":"<p>Pa\u00eds de Fabricaci\u00f3n: Colombia Modelo de Producci\u00f3n: Producci\u00f3n en peque\u00f1os lotes, de manera \u00e9tica Impacto Social: Las prendas y productos textiles son elaborados por mujeres artesanas, artesanos y costureras habilidosas,<\/p>","protected":false},"author":1,"featured_media":0,"parent":0,"menu_order":0,"comment_status":"closed","ping_status":"closed","template":"","meta":{"footnotes":""},"class_list":["post-20993","page","type-page","status-publish","hentry"],"_links":{"self":[{"href":"https:\/\/wholesale.sonuncuento.com\/en\/wp-json\/wp\/v2\/pages\/20993","targetHints":{"allow":["GET"]}}],"collection":[{"href":"https:\/\/wholesale.sonuncuento.com\/en\/wp-json\/wp\/v2\/pages"}],"about":[{"href":"https:\/\/wholesale.sonuncuento.com\/en\/wp-json\/wp\/v2\/types\/page"}],"author":[{"embeddable":true,"href":"https:\/\/wholesale.sonuncuento.com\/en\/wp-json\/wp\/v2\/users\/1"}],"replies":[{"embeddable":true,"href":"https:\/\/wholesale.sonuncuento.com\/en\/wp-json\/wp\/v2\/comments?post=20993"}],"version-history":[{"count":25,"href":"https:\/\/wholesale.sonuncuento.com\/en\/wp-json\/wp\/v2\/pages\/20993\/revisions"}],"predecessor-version":[{"id":26498,"href":"https:\/\/wholesale.sonuncuento.com\/en\/wp-json\/wp\/v2\/pages\/20993\/revisions\/26498"}],"wp:attachment":[{"href":"https:\/\/wholesale.sonuncuento.com\/en\/wp-json\/wp\/v2\/media?parent=20993"}],"curies":[{"name":"wp","href":"https:\/\/api.w.org\/{rel}","templated":true}]}}